{"id":11,"date":"2020-04-07T13:59:00","date_gmt":"2020-04-07T13:59:00","guid":{"rendered":"https:\/\/the7.io\/business-advisors\/?page_id=11"},"modified":"2025-02-27T07:21:12","modified_gmt":"2025-02-27T07:21:12","slug":"blog","status":"publish","type":"page","link":"https:\/\/enepec.com\/es\/blog\/","title":{"rendered":"Noticias"},"content":{"rendered":"<div data-elementor-type=\"wp-page\" data-elementor-id=\"11\" class=\"elementor elementor-11\" data-elementor-post-type=\"page\">\n\t\t\t\t\t\t<section class=\"elementor-section elementor-top-section elementor-element elementor-element-64f606a elementor-section-height-min-height elementor-section-items-stretch elementor-section-content-middle elementor-section-boxed elementor-section-height-default\" data-id=\"64f606a\" data-element_type=\"section\">\n\t\t\t\t\t\t\t<div class=\"elementor-background-overlay\"><\/div>\n\t\t\t\t\t\t\t<div class=\"elementor-container elementor-column-gap-wider\">\n\t\t\t\t\t<div class=\"elementor-column elementor-col-100 elementor-top-column elementor-element elementor-element-dd9b4aa\" data-id=\"dd9b4aa\" data-element_type=\"column\" data-settings=\"{&quot;background_background&quot;:&quot;classic&quot;}\">\n\t\t\t<div class=\"elementor-widget-wrap elementor-element-populated\">\n\t\t\t\t\t\t<div class=\"elementor-element elementor-element-2eb1092 img-align-mobile-top image-vertical-align-center image-vertical-align-tablet-start img-align-top icon-box-vertical-align-top preserve-img-ratio-cover slide-h-position-left elementor-widget elementor-widget-the7-elements-simple-posts\" data-id=\"2eb1092\" data-element_type=\"widget\" data-widget_type=\"the7-elements-simple-posts.default\">\n\t\t\t\t<div class=\"elementor-widget-container\">\n\t\t\t\t\t<div class=\"the7-simple-widget-posts the7-elementor-widget the7-elements-simple-posts-2eb1092\" data-post-limit=\"-1\" data-pagination-mode=\"standard\" data-scroll-offset=\"\">\t\t\t<div class=\"dt-css-grid custom-pagination-handler\" data-columns=\"{&quot;d&quot;:2,&quot;t&quot;:2,&quot;p&quot;:1,&quot;wd&quot;:&quot;&quot;}\">\n\t\t\t\t\t\t\t\t\t<div class=\"wf-cell visible\">\n\t\t\t\t\t\t<article class=\"post visible wrapper post-12687 type-post status-publish format-standard has-post-thumbnail hentry category-lithium-battery\">\n\n\t\t\t\t\t\t\t<div class=\"post-content-wrapper\">\n\t\t\t\t\t\t\t\t\t\t\t\t\t\t\t\t\t<div class=\"the7-simple-post-thumb\">\n\t\t\t\t\t\t\t\t\t\t<a class=\"post-thumbnail-rollover layzr-bg img-css-resize-wrapper\" aria-label=\"Post image\" href=\"https:\/\/enepec.com\/es\/2025\/03\/22\/electric-scooters-spark-chinas-shift-to-salt-batteries\/\"><img fetchpriority=\"high\" decoding=\"async\" width=\"551\" height=\"366\" src=\"data:image\/svg+xml,%3Csvg%20xmlns%3D&#039;http%3A%2F%2Fwww.w3.org%2F2000%2Fsvg&#039;%20viewBox%3D&#039;0%200%20551%20366&#039;%2F%3E\" class=\"attachment-full size-full preload-me aspect lazy lazy-load\" alt=\"sodium-ion batteries\" sizes=\"(max-width: 551px) 100vw, 551px\" style=\"--ratio: 551 \/ 366;\" data-src=\"https:\/\/enepec.com\/wp-content\/uploads\/2025\/09\/sodium-ion-batteries.png\" loading=\"eager\" data-srcset=\"https:\/\/enepec.com\/wp-content\/uploads\/2025\/09\/sodium-ion-batteries.png 551w, https:\/\/enepec.com\/wp-content\/uploads\/2025\/09\/sodium-ion-batteries-300x199.png 300w, https:\/\/enepec.com\/wp-content\/uploads\/2025\/09\/sodium-ion-batteries-18x12.png 18w\" \/><span class=\"the7-hover-icon\"><\/span><\/a>\t\t\t\t\t\t\t\t\t<\/div>\n\t\t\t\t\t\t\t\t\t\t\t\t\t\t\t\t<div class=\"post-entry-content\">\n\t\t\t\t\t\t\t\t\t<h5 class=\"heading\"><a href=\"https:\/\/enepec.com\/es\/2025\/03\/22\/electric-scooters-spark-chinas-shift-to-salt-batteries\/\" rel=\"bookmark\" title=\"Los patinetes el\u00e9ctricos impulsan la transici\u00f3n de China a las bater\u00edas de sal\" class=\"post-title\">Los patinetes el\u00e9ctricos impulsan la transici\u00f3n de China a las bater\u00edas de sal<\/a><\/h5><div class=\"entry-meta\"><span class=\"meta-item category-link\"><a href=\"https:\/\/enepec.com\/es\/category\/lithium-battery\/\" rel=\"tag\">Bater\u00eda de litio<\/a><\/span><span class=\"meta-item data-link\"><time class=\"entry-date updated\" datetime=\"2025-03-22T03:54:50+00:00\">22 de marzo de 2025<\/time><\/span><\/div><p class=\"short-description\">China se est\u00e1 consolidando r\u00e1pidamente como l\u00edder mundial en bater\u00edas de iones de sodio, y los patinetes el\u00e9ctricos son el campo de pruebas de esta nueva tecnolog\u00eda. A diferencia de las bater\u00edas tradicionales de iones de litio o plomo-\u00e1cido, las celdas de iones de sodio utilizan materiales abundantes como la sal, lo que las hace m\u00e1s econ\u00f3micas y menos dependientes de las escasas materias primas. Grandes fabricantes de veh\u00edculos de dos ruedas, como Yadea, ya han lanzado\u2026<\/p><a href=\"https:\/\/enepec.com\/es\/2025\/03\/22\/electric-scooters-spark-chinas-shift-to-salt-batteries\/\" target=\"\" aria-label=\"Read more about Electric Scooters Spark China\u2019s Shift to Salt Batteries\" class=\"box-button elementor-button elementor-size-sm\">Leer el art\u00edculo<\/a>\t\t\t\t\t\t\t\t<\/div>\n\t\t\t\t\t\t\t<\/div>\n\t\t\t\t\t\t<\/article>\n\t\t\t\t\t<\/div>\t\t\t\t\t\t\t\t<\/div>\n\t\t<\/div>\t\t\t\t<\/div>\n\t\t\t\t<\/div>\n\t\t\t\t\t<\/div>\n\t\t<\/div>\n\t\t\t\t\t<\/div>\n\t\t<\/section>\n\t\t\t\t<\/div>","protected":false},"excerpt":{"rendered":"","protected":false},"author":1,"featured_media":0,"parent":0,"menu_order":18,"comment_status":"closed","ping_status":"closed","template":"","meta":{"footnotes":""},"class_list":["post-11","page","type-page","status-publish","hentry"],"yoast_head":"<!-- This site is optimized with the Yoast SEO plugin v26.2 - https:\/\/yoast.com\/wordpress\/plugins\/seo\/ -->\n<title>News -Enepec Energy<\/title>\n<meta name=\"description\" content=\"Are you looking for best LiFePO4 Battery Golf Cart Battery Manufacturer factory? Contact us!\" \/>\n<meta name=\"robots\" content=\"index, follow, max-snippet:-1, max-image-preview:large, max-video-preview:-1\" \/>\n<link rel=\"canonical\" href=\"https:\/\/enepec.com\/es\/blog\/\" \/>\n<meta property=\"og:locale\" content=\"es_ES\" \/>\n<meta property=\"og:type\" content=\"article\" \/>\n<meta property=\"og:title\" content=\"News -Enepec Energy\" \/>\n<meta property=\"og:description\" content=\"Are you looking for best LiFePO4 Battery Golf Cart Battery Manufacturer factory? Contact us!\" \/>\n<meta property=\"og:url\" content=\"https:\/\/enepec.com\/es\/blog\/\" \/>\n<meta property=\"og:site_name\" content=\"Ningbo Enepec\" \/>\n<meta property=\"article:modified_time\" content=\"2025-02-27T07:21:12+00:00\" \/>\n<meta name=\"twitter:card\" content=\"summary_large_image\" \/>\n<script type=\"application\/ld+json\" class=\"yoast-schema-graph\">{\"@context\":\"https:\/\/schema.org\",\"@graph\":[{\"@type\":\"WebPage\",\"@id\":\"https:\/\/enepec.com\/blog\/\",\"url\":\"https:\/\/enepec.com\/blog\/\",\"name\":\"News -Enepec Energy\",\"isPartOf\":{\"@id\":\"https:\/\/enepec.com\/#website\"},\"datePublished\":\"2020-04-07T13:59:00+00:00\",\"dateModified\":\"2025-02-27T07:21:12+00:00\",\"description\":\"Are you looking for best LiFePO4 Battery Golf Cart Battery Manufacturer factory? Contact us!\",\"breadcrumb\":{\"@id\":\"https:\/\/enepec.com\/blog\/#breadcrumb\"},\"inLanguage\":\"es\",\"potentialAction\":[{\"@type\":\"ReadAction\",\"target\":[\"https:\/\/enepec.com\/blog\/\"]}]},{\"@type\":\"BreadcrumbList\",\"@id\":\"https:\/\/enepec.com\/blog\/#breadcrumb\",\"itemListElement\":[{\"@type\":\"ListItem\",\"position\":1,\"name\":\"Home\",\"item\":\"https:\/\/enepec.com\/\"},{\"@type\":\"ListItem\",\"position\":2,\"name\":\"News\"}]},{\"@type\":\"WebSite\",\"@id\":\"https:\/\/enepec.com\/#website\",\"url\":\"https:\/\/enepec.com\/\",\"name\":\"Ningbo Enepec\",\"description\":\"\",\"publisher\":{\"@id\":\"https:\/\/enepec.com\/#organization\"},\"potentialAction\":[{\"@type\":\"SearchAction\",\"target\":{\"@type\":\"EntryPoint\",\"urlTemplate\":\"https:\/\/enepec.com\/?s={search_term_string}\"},\"query-input\":{\"@type\":\"PropertyValueSpecification\",\"valueRequired\":true,\"valueName\":\"search_term_string\"}}],\"inLanguage\":\"es\"},{\"@type\":\"Organization\",\"@id\":\"https:\/\/enepec.com\/#organization\",\"name\":\"Ningbo Enepec\",\"url\":\"https:\/\/enepec.com\/\",\"logo\":{\"@type\":\"ImageObject\",\"inLanguage\":\"es\",\"@id\":\"https:\/\/enepec.com\/#\/schema\/logo\/image\/\",\"url\":\"https:\/\/enepec.com\/wp-content\/uploads\/2024\/12\/logo-2.png\",\"contentUrl\":\"https:\/\/enepec.com\/wp-content\/uploads\/2024\/12\/logo-2.png\",\"width\":600,\"height\":293,\"caption\":\"Ningbo Enepec\"},\"image\":{\"@id\":\"https:\/\/enepec.com\/#\/schema\/logo\/image\/\"}}]}<\/script>\n<!-- \/ Yoast SEO plugin. -->","yoast_head_json":{"title":"News -Enepec Energy","description":"Are you looking for best LiFePO4 Battery Golf Cart Battery Manufacturer factory? Contact us!","robots":{"index":"index","follow":"follow","max-snippet":"max-snippet:-1","max-image-preview":"max-image-preview:large","max-video-preview":"max-video-preview:-1"},"canonical":"https:\/\/enepec.com\/es\/blog\/","og_locale":"es_ES","og_type":"article","og_title":"News -Enepec Energy","og_description":"Are you looking for best LiFePO4 Battery Golf Cart Battery Manufacturer factory? Contact us!","og_url":"https:\/\/enepec.com\/es\/blog\/","og_site_name":"Ningbo Enepec","article_modified_time":"2025-02-27T07:21:12+00:00","twitter_card":"summary_large_image","schema":{"@context":"https:\/\/schema.org","@graph":[{"@type":"WebPage","@id":"https:\/\/enepec.com\/blog\/","url":"https:\/\/enepec.com\/blog\/","name":"News -Enepec Energy","isPartOf":{"@id":"https:\/\/enepec.com\/#website"},"datePublished":"2020-04-07T13:59:00+00:00","dateModified":"2025-02-27T07:21:12+00:00","description":"Are you looking for best LiFePO4 Battery Golf Cart Battery Manufacturer factory? Contact us!","breadcrumb":{"@id":"https:\/\/enepec.com\/blog\/#breadcrumb"},"inLanguage":"es","potentialAction":[{"@type":"ReadAction","target":["https:\/\/enepec.com\/blog\/"]}]},{"@type":"BreadcrumbList","@id":"https:\/\/enepec.com\/blog\/#breadcrumb","itemListElement":[{"@type":"ListItem","position":1,"name":"Home","item":"https:\/\/enepec.com\/"},{"@type":"ListItem","position":2,"name":"News"}]},{"@type":"WebSite","@id":"https:\/\/enepec.com\/#website","url":"https:\/\/enepec.com\/","name":"Ningbo Enepec","description":"","publisher":{"@id":"https:\/\/enepec.com\/#organization"},"potentialAction":[{"@type":"SearchAction","target":{"@type":"EntryPoint","urlTemplate":"https:\/\/enepec.com\/?s={search_term_string}"},"query-input":{"@type":"PropertyValueSpecification","valueRequired":true,"valueName":"search_term_string"}}],"inLanguage":"es"},{"@type":"Organization","@id":"https:\/\/enepec.com\/#organization","name":"Ningbo Enepec","url":"https:\/\/enepec.com\/","logo":{"@type":"ImageObject","inLanguage":"es","@id":"https:\/\/enepec.com\/#\/schema\/logo\/image\/","url":"https:\/\/enepec.com\/wp-content\/uploads\/2024\/12\/logo-2.png","contentUrl":"https:\/\/enepec.com\/wp-content\/uploads\/2024\/12\/logo-2.png","width":600,"height":293,"caption":"Ningbo Enepec"},"image":{"@id":"https:\/\/enepec.com\/#\/schema\/logo\/image\/"}}]}},"_links":{"self":[{"href":"https:\/\/enepec.com\/es\/wp-json\/wp\/v2\/pages\/11","targetHints":{"allow":["GET"]}}],"collection":[{"href":"https:\/\/enepec.com\/es\/wp-json\/wp\/v2\/pages"}],"about":[{"href":"https:\/\/enepec.com\/es\/wp-json\/wp\/v2\/types\/page"}],"author":[{"embeddable":true,"href":"https:\/\/enepec.com\/es\/wp-json\/wp\/v2\/users\/1"}],"replies":[{"embeddable":true,"href":"https:\/\/enepec.com\/es\/wp-json\/wp\/v2\/comments?post=11"}],"version-history":[{"count":1,"href":"https:\/\/enepec.com\/es\/wp-json\/wp\/v2\/pages\/11\/revisions"}],"predecessor-version":[{"id":12284,"href":"https:\/\/enepec.com\/es\/wp-json\/wp\/v2\/pages\/11\/revisions\/12284"}],"wp:attachment":[{"href":"https:\/\/enepec.com\/es\/wp-json\/wp\/v2\/media?parent=11"}],"curies":[{"name":"wp","href":"https:\/\/api.w.org\/{rel}","templated":true}]}}