{"id":12750,"date":"2025-10-06T09:32:15","date_gmt":"2025-10-06T09:32:15","guid":{"rendered":"https:\/\/enepec.com\/?page_id=12750"},"modified":"2026-02-09T02:13:12","modified_gmt":"2026-02-09T02:13:12","slug":"stacked-lithium-battery","status":"publish","type":"page","link":"https:\/\/enepec.com\/de\/stacked-lithium-battery\/","title":{"rendered":"Gestapelte Lithiumbatterie"},"content":{"rendered":"<div data-elementor-type=\"wp-page\" data-elementor-id=\"12750\" class=\"elementor elementor-12750\" data-elementor-post-type=\"page\">\n\t\t\t\t<div class=\"elementor-element elementor-element-f3eedf4 e-flex e-con-boxed e-con e-parent\" data-id=\"f3eedf4\" data-element_type=\"container\">\n\t\t\t\t\t<div class=\"e-con-inner\">\n\t\t<div class=\"elementor-element elementor-element-36ebc5d e-con-full e-flex e-con e-child\" data-id=\"36ebc5d\" data-element_type=\"container\">\n\t\t\t\t<div class=\"elementor-element elementor-element-3e97b4f elementor-widget elementor-widget-heading\" data-id=\"3e97b4f\" data-element_type=\"widget\" data-widget_type=\"heading.default\">\n\t\t\t\t<div class=\"elementor-widget-container\">\n\t\t\t\t\t<h1 class=\"elementor-heading-title elementor-size-default\">Gestapelte Lithiumbatterie<\/h1>\t\t\t\t<\/div>\n\t\t\t\t<\/div>\n\t\t\t\t<div class=\"elementor-element elementor-element-31213f1 elementor-widget-divider--view-line elementor-widget elementor-widget-divider\" data-id=\"31213f1\" data-element_type=\"widget\" data-widget_type=\"divider.default\">\n\t\t\t\t<div class=\"elementor-widget-container\">\n\t\t\t\t\t\t\t<div class=\"elementor-divider\">\n\t\t\t<span class=\"elementor-divider-separator\">\n\t\t\t\t\t\t<\/span>\n\t\t<\/div>\n\t\t\t\t\t\t<\/div>\n\t\t\t\t<\/div>\n\t\t\t\t<div class=\"elementor-element elementor-element-ce484f6 elementor-widget elementor-widget-text-editor\" data-id=\"ce484f6\" data-element_type=\"widget\" data-widget_type=\"text-editor.default\">\n\t\t\t\t<div class=\"elementor-widget-container\">\n\t\t\t\t\t\t\t\t\t<p>EnePec New Energy ist auf die Entwicklung und Herstellung fortschrittlicher gestapelter Lithium-Batteriepacks f\u00fcr Industrie-, Schifffahrts- und Energiespeicheranwendungen spezialisiert. Unsere Batteriesysteme sind in den Varianten 12 V, 24 V, 36 V, 48 V, 60 V und 72 V mit Kapazit\u00e4ten von 20 Ah bis 500 Ah und Nennleistungen von 240 Wh bis 36 kWh erh\u00e4ltlich. Jede gestapelte Lithium-Batterievariante ist mit hochwertigen LiFePO4-Zellen und einem intelligenten BMS ausgestattet und bietet professionelle B2B-Kunden eine lange Lebensdauer, hohe Energiedichte, leichte Bauweise und sichere, zuverl\u00e4ssige Leistung.<\/p><p>F\u00fcr Gro\u00dfh\u00e4ndler, Markeninhaber und Distributoren bietet EnePec New Energy flexible Anpassungsm\u00f6glichkeiten f\u00fcr alle Varianten gestapelter Lithiumbatterien, einschlie\u00dflich Spannung, Kapazit\u00e4t, Geh\u00e4use und Beschriftungsoptionen. Unsere Akkus eignen sich ideal f\u00fcr Elektrostapler, Industriefahrzeuge, Schiffe, netzunabh\u00e4ngige Solarspeicher und andere professionelle Energiel\u00f6sungen und bieten stabile Leistung, geringen Wartungsaufwand und hervorragende Haltbarkeit. EnePec New Energy bietet zudem umfassenden technischen Service und After-Sales-Support, was unsere gestapelten Lithiumbatteriesysteme zu einer vertrauensw\u00fcrdigen Wahl f\u00fcr B2B-Partner weltweit macht.<\/p>\t\t\t\t\t\t\t\t<\/div>\n\t\t\t\t<\/div>\n\t\t\t\t<\/div>\n\t\t\t\t\t<\/div>\n\t\t\t\t<\/div>\n\t\t<div class=\"elementor-element elementor-element-540ff94 e-flex e-con-boxed e-con e-parent\" data-id=\"540ff94\" data-element_type=\"container\">\n\t\t\t\t\t<div class=\"e-con-inner\">\n\t\t<div class=\"elementor-element elementor-element-7137f4c e-con-full e-flex e-con e-child\" data-id=\"7137f4c\" data-element_type=\"container\">\n\t\t\t\t<\/div>\n\t\t\t\t\t<\/div>\n\t\t\t\t<\/div>\n\t\t<div class=\"elementor-element elementor-element-769ec8b e-flex e-con-boxed e-con e-parent\" data-id=\"769ec8b\" data-element_type=\"container\">\n\t\t\t\t\t<div class=\"e-con-inner\">\n\t\t\t\t<div class=\"elementor-element elementor-element-b5e9786 elementor-widget-divider--view-line elementor-widget elementor-widget-divider\" data-id=\"b5e9786\" data-element_type=\"widget\" data-widget_type=\"divider.default\">\n\t\t\t\t<div class=\"elementor-widget-container\">\n\t\t\t\t\t\t\t<div class=\"elementor-divider\">\n\t\t\t<span class=\"elementor-divider-separator\">\n\t\t\t\t\t\t<\/span>\n\t\t<\/div>\n\t\t\t\t\t\t<\/div>\n\t\t\t\t<\/div>\n\t\t\t\t<div class=\"elementor-element elementor-element-31cbd1e elementor-widget elementor-widget-heading\" data-id=\"31cbd1e\" data-element_type=\"widget\" data-widget_type=\"heading.default\">\n\t\t\t\t<div class=\"elementor-widget-container\">\n\t\t\t\t\t<h3 class=\"elementor-heading-title elementor-size-default\">Ben\u00f6tigen Sie weitere Einzelheiten? Bitte kontaktieren Sie uns!<\/h3>\t\t\t\t<\/div>\n\t\t\t\t<\/div>\n\t\t\t\t\t<\/div>\n\t\t\t\t<\/div>\n\t\t<div class=\"elementor-element elementor-element-6c45a82 e-flex e-con-boxed e-con e-parent\" data-id=\"6c45a82\" data-element_type=\"container\">\n\t\t\t\t\t<div class=\"e-con-inner\">\n\t\t<div class=\"elementor-element elementor-element-df20ddf e-con-full elementor-hidden-tablet elementor-hidden-mobile e-flex e-con e-child\" data-id=\"df20ddf\" data-element_type=\"container\">\n\t\t\t\t<\/div>\n\t\t<div class=\"elementor-element elementor-element-3c09831 e-con-full e-flex e-con e-child\" data-id=\"3c09831\" data-element_type=\"container\">\n\t\t\t\t<div class=\"elementor-element elementor-element-632b6e3 elementor-button-align-stretch elementor-widget elementor-widget-global elementor-global-12835 elementor-widget-form\" data-id=\"632b6e3\" data-element_type=\"widget\" data-settings=\"{&quot;step_next_label&quot;:&quot;Next&quot;,&quot;step_previous_label&quot;:&quot;Previous&quot;,&quot;button_width&quot;:&quot;100&quot;,&quot;step_type&quot;:&quot;number_text&quot;,&quot;step_icon_shape&quot;:&quot;circle&quot;}\" data-widget_type=\"form.default\">\n\t\t\t\t<div class=\"elementor-widget-container\">\n\t\t\t\t\t\t\t<form class=\"elementor-form\" method=\"post\" name=\"New Form\" aria-label=\"Neues Formular\" action=\"\">\n\t\t\t<input type=\"hidden\" name=\"post_id\" value=\"12750\"\/>\n\t\t\t<input type=\"hidden\" name=\"form_id\" value=\"632b6e3\"\/>\n\t\t\t<input type=\"hidden\" name=\"referer_title\" value=\"Ningbo Enepec\" \/>\n\n\t\t\t\n\t\t\t<div class=\"elementor-form-fields-wrapper elementor-labels-above\">\n\t\t\t\t\t\t\t\t<div class=\"elementor-field-type-text elementor-field-group elementor-column elementor-field-group-name elementor-col-100 elementor-field-required elementor-mark-required\">\n\t\t\t\t\t\t\t\t\t\t\t\t<label for=\"form-field-name\" class=\"elementor-field-label\">\n\t\t\t\t\t\t\t\tName\t\t\t\t\t\t\t<\/label>\n\t\t\t\t\t\t\t\t\t\t\t\t\t\t<input size=\"1\" type=\"text\" name=\"form_fields[name]\" id=\"form-field-name\" class=\"elementor-field elementor-size-md  elementor-field-textual\" required=\"required\">\n\t\t\t\t\t\t\t\t\t\t\t<\/div>\n\t\t\t\t\t\t\t\t<div class=\"elementor-field-type-email elementor-field-group elementor-column elementor-field-group-email elementor-col-100 elementor-field-required elementor-mark-required\">\n\t\t\t\t\t\t\t\t\t\t\t\t<label for=\"form-field-email\" class=\"elementor-field-label\">\n\t\t\t\t\t\t\t\tE-Mail\t\t\t\t\t\t\t<\/label>\n\t\t\t\t\t\t\t\t\t\t\t\t\t\t<input size=\"1\" type=\"email\" name=\"form_fields[email]\" id=\"form-field-email\" class=\"elementor-field elementor-size-md  elementor-field-textual\" required=\"required\">\n\t\t\t\t\t\t\t\t\t\t\t<\/div>\n\t\t\t\t\t\t\t\t<div class=\"elementor-field-type-text elementor-field-group elementor-column elementor-field-group-field_d5aad89 elementor-col-100\">\n\t\t\t\t\t\t\t\t\t\t\t\t<label for=\"form-field-field_d5aad89\" class=\"elementor-field-label\">\n\t\t\t\t\t\t\t\tAnfrage und Menge\t\t\t\t\t\t\t<\/label>\n\t\t\t\t\t\t\t\t\t\t\t\t\t\t<input size=\"1\" type=\"text\" name=\"form_fields[field_d5aad89]\" id=\"form-field-field_d5aad89\" class=\"elementor-field elementor-size-md  elementor-field-textual\">\n\t\t\t\t\t\t\t\t\t\t\t<\/div>\n\t\t\t\t\t\t\t\t<div class=\"elementor-field-type-textarea elementor-field-group elementor-column elementor-field-group-message elementor-col-100 elementor-field-required elementor-mark-required\">\n\t\t\t\t\t\t\t\t\t\t\t\t<label for=\"form-field-message\" class=\"elementor-field-label\">\n\t\t\t\t\t\t\t\tErz\u00e4hlen Sie uns etwas \u00fcber Ihr Projekt\t\t\t\t\t\t\t<\/label>\n\t\t\t\t\t\t<textarea class=\"elementor-field-textual elementor-field  elementor-size-md\" name=\"form_fields[message]\" id=\"form-field-message\" rows=\"8\" placeholder=\"Bitte senden Sie uns weitere Details, die Sie w\u00fcnschen.\" required=\"required\"><\/textarea>\t\t\t\t<\/div>\n\t\t\t\t\t\t\t\t<div class=\"elementor-field-type-recaptcha_v3 elementor-field-group elementor-column elementor-field-group-field_fc36adc elementor-col-100 recaptcha_v3-bottomright\">\n\t\t\t\t\t<div class=\"elementor-field\" id=\"form-field-field_fc36adc\"><div class=\"elementor-g-recaptcha\" data-sitekey=\"6LfUG-QqAAAAAAhQ3T9sSKS0lpgRt_49XnIR2LfO\" data-type=\"v3\" data-action=\"Form\" data-badge=\"bottomright\" data-size=\"invisible\"><\/div><\/div>\t\t\t\t<\/div>\n\t\t\t\t\t\t\t\t<div class=\"elementor-field-group elementor-column elementor-field-type-submit elementor-col-100 e-form__buttons\">\n\t\t\t\t\t<button class=\"elementor-button elementor-size-lg\" type=\"submit\">\n\t\t\t\t\t\t<span class=\"elementor-button-content-wrapper\">\n\t\t\t\t\t\t\t\t\t\t\t\t\t\t\t\t\t\t\t\t\t\t<span class=\"elementor-button-text\">Einreichen<\/span>\n\t\t\t\t\t\t\t\t\t\t\t\t\t<\/span>\n\t\t\t\t\t<\/button>\n\t\t\t\t<\/div>\n\t\t\t<\/div>\n\t\t<input type=\"hidden\" name=\"trp-form-language\" value=\"de\"\/><\/form>\n\t\t\t\t\t\t<\/div>\n\t\t\t\t<\/div>\n\t\t\t\t<\/div>\n\t\t<div class=\"elementor-element elementor-element-525a4fd e-con-full elementor-hidden-tablet elementor-hidden-mobile e-flex e-con e-child\" data-id=\"525a4fd\" data-element_type=\"container\">\n\t\t\t\t<\/div>\n\t\t\t\t\t<\/div>\n\t\t\t\t<\/div>\n\t\t<div class=\"elementor-element elementor-element-c14a034 e-flex e-con-boxed e-con e-parent\" data-id=\"c14a034\" data-element_type=\"container\">\n\t\t\t\t\t<div class=\"e-con-inner\">\n\t\t\t\t<div class=\"elementor-element elementor-element-70f18f1 elementor-toc--minimized-on-tablet elementor-widget elementor-widget-table-of-contents\" data-id=\"70f18f1\" data-element_type=\"widget\" data-settings=\"{&quot;headings_by_tags&quot;:[&quot;h4&quot;],&quot;exclude_headings_by_selector&quot;:[],&quot;marker_view&quot;:&quot;bullets&quot;,&quot;no_headings_message&quot;:&quot;No headings were found on this page.&quot;,&quot;icon&quot;:{&quot;value&quot;:&quot;fas fa-circle&quot;,&quot;library&quot;:&quot;fa-solid&quot;,&quot;rendered_tag&quot;:&quot;&lt;svg class=\\&quot;e-font-icon-svg e-fas-circle\\&quot; viewBox=\\&quot;0 0 512 512\\&quot; xmlns=\\&quot;http:\\\/\\\/www.w3.org\\\/2000\\\/svg\\&quot;&gt;&lt;path d=\\&quot;M256 8C119 8 8 119 8 256s111 248 248 248 248-111 248-248S393 8 256 8z\\&quot;&gt;&lt;\\\/path&gt;&lt;\\\/svg&gt;&quot;},&quot;minimize_box&quot;:&quot;yes&quot;,&quot;minimized_on&quot;:&quot;tablet&quot;,&quot;hierarchical_view&quot;:&quot;yes&quot;,&quot;min_height&quot;:{&quot;unit&quot;:&quot;px&quot;,&quot;size&quot;:&quot;&quot;,&quot;sizes&quot;:[]},&quot;min_height_tablet&quot;:{&quot;unit&quot;:&quot;px&quot;,&quot;size&quot;:&quot;&quot;,&quot;sizes&quot;:[]},&quot;min_height_mobile&quot;:{&quot;unit&quot;:&quot;px&quot;,&quot;size&quot;:&quot;&quot;,&quot;sizes&quot;:[]}}\" data-widget_type=\"table-of-contents.default\">\n\t\t\t\t<div class=\"elementor-widget-container\">\n\t\t\t\t\t\t\t\t\t<div class=\"elementor-toc__header\">\n\t\t\t\t\t\t<h4 class=\"elementor-toc__header-title\">\n\t\t\t\tFAQ \u2013 Gestapelte Lithiumbatterien von EnePec New Energy\t\t\t<\/h4>\n\t\t\t\t\t\t\t\t\t\t<div class=\"elementor-toc__toggle-button elementor-toc__toggle-button--expand\" role=\"button\" tabindex=\"0\" aria-controls=\"elementor-toc__70f18f1\" aria-expanded=\"true\" aria-label=\"Abrir \u00edndice\" data-no-translation-aria-label=\"\"><svg aria-hidden=\"true\" class=\"e-font-icon-svg e-fas-chevron-down\" viewbox=\"0 0 448 512\" xmlns=\"http:\/\/www.w3.org\/2000\/svg\"><path d=\"M207.029 381.476L12.686 187.132c-9.373-9.373-9.373-24.569 0-33.941l22.667-22.667c9.357-9.357 24.522-9.375 33.901-.04L224 284.505l154.745-154.021c9.379-9.335 24.544-9.317 33.901.04l22.667 22.667c9.373 9.373 9.373 24.569 0 33.941L240.971 381.476c-9.373 9.372-24.569 9.372-33.942 0z\"><\/path><\/svg><\/div>\n\t\t\t\t<div class=\"elementor-toc__toggle-button elementor-toc__toggle-button--collapse\" role=\"button\" tabindex=\"0\" aria-controls=\"elementor-toc__70f18f1\" aria-expanded=\"true\" aria-label=\"Fechar \u00edndice\" data-no-translation-aria-label=\"\"><svg aria-hidden=\"true\" class=\"e-font-icon-svg e-fas-chevron-up\" viewbox=\"0 0 448 512\" xmlns=\"http:\/\/www.w3.org\/2000\/svg\"><path d=\"M240.971 130.524l194.343 194.343c9.373 9.373 9.373 24.569 0 33.941l-22.667 22.667c-9.357 9.357-24.522 9.375-33.901.04L224 227.495 69.255 381.516c-9.379 9.335-24.544 9.317-33.901-.04l-22.667-22.667c-9.373-9.373-9.373-24.569 0-33.941L207.03 130.525c9.372-9.373 24.568-9.373 33.941-.001z\"><\/path><\/svg><\/div>\n\t\t\t\t\t<\/div>\n\t\t\t\t<div id=\"elementor-toc__70f18f1\" class=\"elementor-toc__body\">\n\t\t\t<div class=\"elementor-toc__spinner-container\">\n\t\t\t\t<svg class=\"elementor-toc__spinner eicon-animation-spin e-font-icon-svg e-eicon-loading\" aria-hidden=\"true\" viewbox=\"0 0 1000 1000\" xmlns=\"http:\/\/www.w3.org\/2000\/svg\"><path d=\"M500 975V858C696 858 858 696 858 500S696 142 500 142 142 304 142 500H25C25 237 238 25 500 25S975 237 975 500 763 975 500 975Z\"><\/path><\/svg>\t\t\t<\/div>\n\t\t<\/div>\n\t\t\t\t\t\t<\/div>\n\t\t\t\t<\/div>\n\t\t\t\t<div class=\"elementor-element elementor-element-8041847 elementor-widget elementor-widget-spacer\" data-id=\"8041847\" data-element_type=\"widget\" data-widget_type=\"spacer.default\">\n\t\t\t\t<div class=\"elementor-widget-container\">\n\t\t\t\t\t\t\t<div class=\"elementor-spacer\">\n\t\t\t<div class=\"elementor-spacer-inner\"><\/div>\n\t\t<\/div>\n\t\t\t\t\t\t<\/div>\n\t\t\t\t<\/div>\n\t\t\t\t<div class=\"elementor-element elementor-element-82355f4 elementor-widget elementor-widget-text-editor\" data-id=\"82355f4\" data-element_type=\"widget\" data-widget_type=\"text-editor.default\">\n\t\t\t\t<div class=\"elementor-widget-container\">\n\t\t\t\t\t\t\t\t\t<h4>1. Welche Spannungsoptionen sind f\u00fcr die gestapelten Lithiumbatterievarianten von EnePec New Energy verf\u00fcgbar?<\/h4><p>EnePec New Energy bietet gestapelte Lithiumbatterievarianten in 12 V, 24 V, 36 V, 48 V, 60 V und 72 V an, sodass Gro\u00dfh\u00e4ndler, Markeninhaber und Distributoren die ideale Spannung f\u00fcr ihre Industrie-, Schifffahrts- oder Energiespeicheranwendungen ausw\u00e4hlen k\u00f6nnen.<\/p><h4>2. Welche Kapazit\u00e4tsoptionen kann EnePec New Energy f\u00fcr gestapelte Lithium-Batteriepakete bereitstellen?<\/h4><p>Unsere gestapelten Lithiumbatterievarianten sind in Kapazit\u00e4ten von 20 Ah bis 500 Ah erh\u00e4ltlich, unterst\u00fctzen unterschiedliche Anwendungsanforderungen und erm\u00f6glichen B2B-Kunden die Anpassung von Paketen f\u00fcr Hochleistungs- oder Langzeitnutzung.<\/p><h4>3. Welche Energiespezifikationen sind typisch f\u00fcr gestapelte Lithiumbatteriesysteme von EnePec New Energy?<\/h4><p>Abh\u00e4ngig von Spannung und Kapazit\u00e4t bieten unsere gestapelten Lithiumbatteriepakete Energiebereiche von 240 Wh bis 36 kWh und eignen sich f\u00fcr Elektrofahrzeuge, Industrieanlagen, Schiffe und die Speicherung erneuerbarer Energien.<\/p><h4>4. Kann EnePec New Energy gestapelte Lithiumbatteriel\u00f6sungen f\u00fcr bestimmte Anwendungen bereitstellen?<\/h4><p>Ja, unsere gestapelten Lithiumbatterievarianten werden h\u00e4ufig f\u00fcr elektrische Gabelstapler, Industriefahrzeuge, Schiffsenergiesysteme und netzunabh\u00e4ngige Solarspeicher verwendet und bieten professionelle Energiel\u00f6sungen f\u00fcr B2B-Kunden.<\/p><h4>5. Was sind die Hauptmerkmale der gestapelten Lithium-Akkupacks von EnePec New Energy?<\/h4><p>Unsere gestapelten Lithiumbatterievarianten bieten eine hohe Energiedichte, eine lange Lebensdauer, ein leichtes Design, minimalen Wartungsaufwand und intelligenten BMS-Schutz und gew\u00e4hrleisten so eine sichere und zuverl\u00e4ssige Leistung f\u00fcr professionelle Benutzer.<\/p><h4>6. Kann ich gestapelte Lithium-Batteriepakete von EnePec New Energy im Gro\u00dfhandel bestellen?<\/h4><p>Auf jeden Fall. Wir liefern gestapelte Lithiumbatterievarianten in gro\u00dfen Mengen an Gro\u00dfh\u00e4ndler, Markeninhaber und Distributoren und unterst\u00fctzen Private Labeling, kundenspezifische Konfigurationen und Gro\u00dfbestellungen, um B2B-Anforderungen zu erf\u00fcllen.<\/p><h4>7. Welche Art von Service und Support bietet EnePec New Energy Kunden von gestapelten Lithiumbatterien?<\/h4><p>EnePec New Energy bietet umfassende Beratung vor dem Verkauf, technischen Support, Anleitungen zur individuellen Anpassung und Kundendienst f\u00fcr alle Varianten gestapelter Lithiumbatterien und gew\u00e4hrleistet so eine reibungslose Integration und einen zuverl\u00e4ssigen Betrieb f\u00fcr Gesch\u00e4ftskunden.<\/p><h4>8. Gibt es verschiedene Arten von gestapelten Lithiumbatterievarianten f\u00fcr verschiedene Branchen?<\/h4><p>Ja, unsere gestapelten Lithiumbatterievarianten umfassen LiFePO4-Packs, Industriepacks mit hoher Kapazit\u00e4t, Packs in Marinequalit\u00e4t und modulare Energiespeichersysteme, sodass B2B-Kunden die ideale L\u00f6sung f\u00fcr ihre spezifischen Branchenanforderungen w\u00e4hlen k\u00f6nnen.<\/p>\t\t\t\t\t\t\t\t<\/div>\n\t\t\t\t<\/div>\n\t\t\t\t\t<\/div>\n\t\t\t\t<\/div>\n\t\t\t\t<\/div>","protected":false},"excerpt":{"rendered":"<p>EnePec New Energy specializes in designing and manufacturing advanced Stacked Lithium Battery packs for industrial, marine, and energy storage applications. Our battery systems are available in 12V, 24V, 36V, 48V, 60V, and 72V variants, with capacities ranging from 20Ah to 500Ah and energy ratings from 240Wh up to 36kWh. Each Stacked Lithium Battery variant is&hellip;<\/p>","protected":false},"author":1,"featured_media":0,"parent":0,"menu_order":0,"comment_status":"closed","ping_status":"closed","template":"elementor_header_footer","meta":{"footnotes":""},"class_list":["post-12750","page","type-page","status-publish","hentry"],"yoast_head":"<!-- This site is optimized with the Yoast SEO plugin v26.2 - https:\/\/yoast.com\/wordpress\/plugins\/seo\/ -->\n<title>Stacked Lithium Battery Factory Supplier - Ningbo Enepec<\/title>\n<meta name=\"description\" content=\"Are you looking for best vehicle battery and transformer factory? We are the reliable partner manufacturer. Contact us!\" \/>\n<meta name=\"robots\" content=\"index, follow, max-snippet:-1, max-image-preview:large, max-video-preview:-1\" \/>\n<link rel=\"canonical\" href=\"https:\/\/enepec.com\/de\/stacked-lithium-battery\/\" \/>\n<meta property=\"og:locale\" content=\"de_DE\" \/>\n<meta property=\"og:type\" content=\"article\" \/>\n<meta property=\"og:title\" content=\"Stacked Lithium Battery Factory Supplier - Ningbo Enepec\" \/>\n<meta property=\"og:description\" content=\"Are you looking for best vehicle battery and transformer factory? We are the reliable partner manufacturer. Contact us!\" \/>\n<meta property=\"og:url\" content=\"https:\/\/enepec.com\/de\/stacked-lithium-battery\/\" \/>\n<meta property=\"og:site_name\" content=\"Ningbo Enepec\" \/>\n<meta property=\"article:modified_time\" content=\"2026-02-09T02:13:12+00:00\" \/>\n<meta name=\"twitter:card\" content=\"summary_large_image\" \/>\n<meta name=\"twitter:label1\" content=\"Gesch\u00e4tzte Lesezeit\" \/>\n\t<meta name=\"twitter:data1\" content=\"4\u00a0Minuten\" \/>\n<script type=\"application\/ld+json\" class=\"yoast-schema-graph\">{\"@context\":\"https:\/\/schema.org\",\"@graph\":[{\"@type\":\"WebPage\",\"@id\":\"https:\/\/enepec.com\/stacked-lithium-battery\/\",\"url\":\"https:\/\/enepec.com\/stacked-lithium-battery\/\",\"name\":\"Stacked Lithium Battery Factory Supplier - Ningbo Enepec\",\"isPartOf\":{\"@id\":\"https:\/\/enepec.com\/#website\"},\"datePublished\":\"2025-10-06T09:32:15+00:00\",\"dateModified\":\"2026-02-09T02:13:12+00:00\",\"description\":\"Are you looking for best vehicle battery and transformer factory? We are the reliable partner manufacturer. Contact us!\",\"breadcrumb\":{\"@id\":\"https:\/\/enepec.com\/stacked-lithium-battery\/#breadcrumb\"},\"inLanguage\":\"de\",\"potentialAction\":[{\"@type\":\"ReadAction\",\"target\":[\"https:\/\/enepec.com\/stacked-lithium-battery\/\"]}]},{\"@type\":\"BreadcrumbList\",\"@id\":\"https:\/\/enepec.com\/stacked-lithium-battery\/#breadcrumb\",\"itemListElement\":[{\"@type\":\"ListItem\",\"position\":1,\"name\":\"Home\",\"item\":\"https:\/\/enepec.com\/\"},{\"@type\":\"ListItem\",\"position\":2,\"name\":\"Stacked Lithium Battery\"}]},{\"@type\":\"WebSite\",\"@id\":\"https:\/\/enepec.com\/#website\",\"url\":\"https:\/\/enepec.com\/\",\"name\":\"Ningbo Enepec\",\"description\":\"\",\"publisher\":{\"@id\":\"https:\/\/enepec.com\/#organization\"},\"potentialAction\":[{\"@type\":\"SearchAction\",\"target\":{\"@type\":\"EntryPoint\",\"urlTemplate\":\"https:\/\/enepec.com\/?s={search_term_string}\"},\"query-input\":{\"@type\":\"PropertyValueSpecification\",\"valueRequired\":true,\"valueName\":\"search_term_string\"}}],\"inLanguage\":\"de\"},{\"@type\":\"Organization\",\"@id\":\"https:\/\/enepec.com\/#organization\",\"name\":\"Ningbo Enepec\",\"url\":\"https:\/\/enepec.com\/\",\"logo\":{\"@type\":\"ImageObject\",\"inLanguage\":\"de\",\"@id\":\"https:\/\/enepec.com\/#\/schema\/logo\/image\/\",\"url\":\"https:\/\/enepec.com\/wp-content\/uploads\/2024\/12\/logo-2.png\",\"contentUrl\":\"https:\/\/enepec.com\/wp-content\/uploads\/2024\/12\/logo-2.png\",\"width\":600,\"height\":293,\"caption\":\"Ningbo Enepec\"},\"image\":{\"@id\":\"https:\/\/enepec.com\/#\/schema\/logo\/image\/\"}}]}<\/script>\n<!-- \/ Yoast SEO plugin. -->","yoast_head_json":{"title":"Stacked Lithium Battery Factory Supplier - Ningbo Enepec","description":"Are you looking for best vehicle battery and transformer factory? We are the reliable partner manufacturer. Contact us!","robots":{"index":"index","follow":"follow","max-snippet":"max-snippet:-1","max-image-preview":"max-image-preview:large","max-video-preview":"max-video-preview:-1"},"canonical":"https:\/\/enepec.com\/de\/stacked-lithium-battery\/","og_locale":"de_DE","og_type":"article","og_title":"Stacked Lithium Battery Factory Supplier - Ningbo Enepec","og_description":"Are you looking for best vehicle battery and transformer factory? We are the reliable partner manufacturer. Contact us!","og_url":"https:\/\/enepec.com\/de\/stacked-lithium-battery\/","og_site_name":"Ningbo Enepec","article_modified_time":"2026-02-09T02:13:12+00:00","twitter_card":"summary_large_image","twitter_misc":{"Gesch\u00e4tzte Lesezeit":"4\u00a0Minuten"},"schema":{"@context":"https:\/\/schema.org","@graph":[{"@type":"WebPage","@id":"https:\/\/enepec.com\/stacked-lithium-battery\/","url":"https:\/\/enepec.com\/stacked-lithium-battery\/","name":"Stacked Lithium Battery Factory Supplier - Ningbo Enepec","isPartOf":{"@id":"https:\/\/enepec.com\/#website"},"datePublished":"2025-10-06T09:32:15+00:00","dateModified":"2026-02-09T02:13:12+00:00","description":"Are you looking for best vehicle battery and transformer factory? We are the reliable partner manufacturer. Contact us!","breadcrumb":{"@id":"https:\/\/enepec.com\/stacked-lithium-battery\/#breadcrumb"},"inLanguage":"de","potentialAction":[{"@type":"ReadAction","target":["https:\/\/enepec.com\/stacked-lithium-battery\/"]}]},{"@type":"BreadcrumbList","@id":"https:\/\/enepec.com\/stacked-lithium-battery\/#breadcrumb","itemListElement":[{"@type":"ListItem","position":1,"name":"Home","item":"https:\/\/enepec.com\/"},{"@type":"ListItem","position":2,"name":"Stacked Lithium Battery"}]},{"@type":"WebSite","@id":"https:\/\/enepec.com\/#website","url":"https:\/\/enepec.com\/","name":"Ningbo Enepec","description":"","publisher":{"@id":"https:\/\/enepec.com\/#organization"},"potentialAction":[{"@type":"SearchAction","target":{"@type":"EntryPoint","urlTemplate":"https:\/\/enepec.com\/?s={search_term_string}"},"query-input":{"@type":"PropertyValueSpecification","valueRequired":true,"valueName":"search_term_string"}}],"inLanguage":"de"},{"@type":"Organization","@id":"https:\/\/enepec.com\/#organization","name":"Ningbo Enepec","url":"https:\/\/enepec.com\/","logo":{"@type":"ImageObject","inLanguage":"de","@id":"https:\/\/enepec.com\/#\/schema\/logo\/image\/","url":"https:\/\/enepec.com\/wp-content\/uploads\/2024\/12\/logo-2.png","contentUrl":"https:\/\/enepec.com\/wp-content\/uploads\/2024\/12\/logo-2.png","width":600,"height":293,"caption":"Ningbo Enepec"},"image":{"@id":"https:\/\/enepec.com\/#\/schema\/logo\/image\/"}}]}},"_links":{"self":[{"href":"https:\/\/enepec.com\/de\/wp-json\/wp\/v2\/pages\/12750","targetHints":{"allow":["GET"]}}],"collection":[{"href":"https:\/\/enepec.com\/de\/wp-json\/wp\/v2\/pages"}],"about":[{"href":"https:\/\/enepec.com\/de\/wp-json\/wp\/v2\/types\/page"}],"author":[{"embeddable":true,"href":"https:\/\/enepec.com\/de\/wp-json\/wp\/v2\/users\/1"}],"replies":[{"embeddable":true,"href":"https:\/\/enepec.com\/de\/wp-json\/wp\/v2\/comments?post=12750"}],"version-history":[{"count":13,"href":"https:\/\/enepec.com\/de\/wp-json\/wp\/v2\/pages\/12750\/revisions"}],"predecessor-version":[{"id":12864,"href":"https:\/\/enepec.com\/de\/wp-json\/wp\/v2\/pages\/12750\/revisions\/12864"}],"wp:attachment":[{"href":"https:\/\/enepec.com\/de\/wp-json\/wp\/v2\/media?parent=12750"}],"curies":[{"name":"wp","href":"https:\/\/api.w.org\/{rel}","templated":true}]}}